{"id":228,"date":"2024-09-25T19:16:00","date_gmt":"2024-09-25T22:16:00","guid":{"rendered":"https:\/\/www.analyzer.cl\/wp\/?page_id=228"},"modified":"2024-09-25T19:56:51","modified_gmt":"2024-09-25T22:56:51","slug":"box","status":"publish","type":"page","link":"https:\/\/www.analyzer.cl\/wp\/box\/","title":{"rendered":"Box"},"content":{"rendered":"\n<div class=\"wp-block-cover is-light wp-duotone-unset-1\"><span aria-hidden=\"true\" class=\"wp-block-cover__background has-background-dim\" style=\"background-color:#b7b5b4\"><\/span><img loading=\"lazy\" decoding=\"async\" width=\"2560\" height=\"1707\" class=\"wp-block-cover__image-background wp-image-143\" alt=\"\" src=\"https:\/\/www.analyzer.cl\/wp\/wp-content\/uploads\/2024\/09\/Cisternas-28-scaled.jpg\" data-object-fit=\"cover\" srcset=\"https:\/\/www.analyzer.cl\/wp\/wp-content\/uploads\/2024\/09\/Cisternas-28-scaled.jpg 2560w, https:\/\/www.analyzer.cl\/wp\/wp-content\/uploads\/2024\/09\/Cisternas-28-300x200.jpg 300w, https:\/\/www.analyzer.cl\/wp\/wp-content\/uploads\/2024\/09\/Cisternas-28-1024x683.jpg 1024w, https:\/\/www.analyzer.cl\/wp\/wp-content\/uploads\/2024\/09\/Cisternas-28-768x512.jpg 768w, https:\/\/www.analyzer.cl\/wp\/wp-content\/uploads\/2024\/09\/Cisternas-28-1536x1024.jpg 1536w, https:\/\/www.analyzer.cl\/wp\/wp-content\/uploads\/2024\/09\/Cisternas-28-2048x1365.jpg 2048w\" sizes=\"auto, (max-width: 2560px) 100vw, 2560px\" \/><div class=\"wp-block-cover__inner-container is-layout-constrained wp-block-cover-is-layout-constrained\">\n<div class=\"wp-block-stackable-heading stk-block-heading stk-block-heading--v2 stk-block stk-d3b2811\" id=\"eres-profesional-de-la-salud-y-necesitas-un-lugar-para-tu-consulta\" data-block-id=\"d3b2811\"><h2 class=\"stk-block-heading__text has-text-align-center\">\u00bfEres profesional de la salud y necesitas un lugar para tu consulta?<\/h2><\/div>\n\n\n\n<p class=\"has-text-align-center has-large-font-size\">En Centro M\u00e9dico Analyzer puedes tener un box confortable y al m\u00e1s alto est\u00e1ndar en donde atender a tus pacientes.<\/p>\n\n\n\n<p><strong>Adem\u00e1s contar\u00e1s con servicio de agendamiento y confirmaci\u00f3n, secretaria, software de ficha cl\u00ednica, gesti\u00f3n de cobranza, publicaci\u00f3n web, difusi\u00f3n por redes sociales y los insumos b\u00e1sicos necesarios para la atenci\u00f3n de tus pacientes.<\/strong><\/p>\n\n\n\n<p><strong>Escr\u00edbenos un correo cont\u00e1ndonos sobre ti y tus necesidades.<\/strong><\/p>\n\n\n<div class=\"ct-block-wrapper\">\n\n<h3 class=\"wp-block-heading has-medium-font-size\"><\/h3>\n\n\n<div class=\"ct-contact-info-block \" style=\"--theme-icon-size:20px;--items-direction:column;--background-color:rgba(218, 222, 228, 0.5);--background-hover-color:rgba(218, 222, 228, 0.7);\">\n\t\t<ul data-icons-type=\"rounded:outline\">\n\t\t\t\t\t\t\t\t\t\t\t<li class=\"\">\n\t\t\t\t\t<span class=\"ct-icon-container\"><svg width=\"18\" height=\"18\" viewBox=\"0 0 20 20\" aria-hidden=\"true\"><path d=\"M10,0C4.5,0,0,4.5,0,10s4.5,10,10,10h5v-2h-5c-4.4,0-8-3.6-8-8s3.6-8,8-8s8,3.6,8,8v1.5c0,0.8-0.7,1.5-1.5,1.5S15,12.3,15,11.5V10c0-2.7-2.3-5-5-5s-5,2.3-5,5s2.3,5,5,5c1.4,0,2.7-0.6,3.6-1.6c0.6,0.9,1.7,1.6,2.9,1.6c1.9,0,3.5-1.6,3.5-3.5V10C20,4.5,15.5,0,10,0zM10,7c1.7,0,3,1.3,3,3s-1.3,3-3,3s-3-1.3-3-3S8.3,7,10,7z\"\/><\/svg><\/span>\n\t\t\t\t\t\t\t\t\t\t\t<div class=\"contact-info\">\n\t\t\t\t\t\t\t\n\t\t\t\t\t\t\t\t\t\t\t\t\t\t\t<span class=\"contact-text\">\n\t\t\t\t\t\t\t\t\t\t\t\t\t\t\t\t\t\t\t<a href=\"mailto:&#99;e&#110;t&#114;ome&#100;i&#99;&#111;&#64;a&#110;&#97;ly&#122;e&#114;&#46;cl\" >\n\t\t\t\t\t\t\t\t\t\n\t\t\t\t\t\t\t\t\tcent&#114;&#111;m&#101;&#100;&#105;&#99;&#111;&#64;a&#110;&#97;ly&#122;&#101;r.c&#108;\n\t\t\t\t\t\t\t\t\t\t\t\t\t\t\t\t\t\t\t<\/a>\n\t\t\t\t\t\t\t\t\t\t\t\t\t\t\t\t\t<\/span>\n\t\t\t\t\t\t\t\t\t\t\t\t\t<\/div>\n\t\t\t\t\t\t\t\t\t<\/li>\n\t\t\t\t\t<\/ul>\n\n\t\t<\/div>\n<\/div><\/div><\/div>\n\n\n\n<p><\/p>\n","protected":false},"excerpt":{"rendered":"","protected":false},"author":1,"featured_media":0,"parent":0,"menu_order":0,"comment_status":"closed","ping_status":"closed","template":"","meta":{"footnotes":""},"class_list":["post-228","page","type-page","status-publish","hentry"],"blocksy_meta":[],"_links":{"self":[{"href":"https:\/\/www.analyzer.cl\/wp\/wp-json\/wp\/v2\/pages\/228","targetHints":{"allow":["GET"]}}],"collection":[{"href":"https:\/\/www.analyzer.cl\/wp\/wp-json\/wp\/v2\/pages"}],"about":[{"href":"https:\/\/www.analyzer.cl\/wp\/wp-json\/wp\/v2\/types\/page"}],"author":[{"embeddable":true,"href":"https:\/\/www.analyzer.cl\/wp\/wp-json\/wp\/v2\/users\/1"}],"replies":[{"embeddable":true,"href":"https:\/\/www.analyzer.cl\/wp\/wp-json\/wp\/v2\/comments?post=228"}],"version-history":[{"count":0,"href":"https:\/\/www.analyzer.cl\/wp\/wp-json\/wp\/v2\/pages\/228\/revisions"}],"wp:attachment":[{"href":"https:\/\/www.analyzer.cl\/wp\/wp-json\/wp\/v2\/media?parent=228"}],"curies":[{"name":"wp","href":"https:\/\/api.w.org\/{rel}","templated":true}]}}